{"id":661,"date":"2020-05-27T16:00:12","date_gmt":"2020-05-27T16:00:12","guid":{"rendered":"https:\/\/lacentraldelcirc.cat\/esferacirc\/index.php\/privacidad\/"},"modified":"2020-05-27T16:13:17","modified_gmt":"2020-05-27T16:13:17","slug":"privacidad","status":"publish","type":"page","link":"https:\/\/lacentraldelcirc.cat\/esferacirc\/index.php\/privacidad\/","title":{"rendered":"Pol\u00edtica de privadesa"},"content":{"rendered":"\t\t<div data-elementor-type=\"wp-page\" data-elementor-id=\"661\" class=\"elementor elementor-661\">\n\t\t\t\t\t\t<section data-particle_enable=\"false\" data-particle-mobile-disabled=\"false\" class=\"elementor-section elementor-top-section elementor-element elementor-element-6d381bec elementor-section-boxed elementor-section-height-default elementor-section-height-default\" data-id=\"6d381bec\" data-element_type=\"section\">\n\t\t\t\t\t\t<div class=\"elementor-container elementor-column-gap-default\">\n\t\t\t\t\t<div class=\"elementor-column elementor-col-100 elementor-top-column elementor-element elementor-element-196ee374\" data-id=\"196ee374\" data-element_type=\"column\">\n\t\t\t<div class=\"elementor-widget-wrap elementor-element-populated\">\n\t\t\t\t\t\t<div class=\"elementor-element elementor-element-5941d16 elementor-widget elementor-widget-heading\" data-id=\"5941d16\" data-element_type=\"widget\" data-widget_type=\"heading.default\">\n\t\t\t\t<div class=\"elementor-widget-container\">\n\t\t\t\t\t<h2 class=\"elementor-heading-title elementor-size-default\">Pol\u00edtica de privadesa<\/h2>\t\t\t\t<\/div>\n\t\t\t\t<\/div>\n\t\t\t\t<div class=\"elementor-element elementor-element-0f2f85d elementor-widget-divider--view-line elementor-widget elementor-widget-divider\" data-id=\"0f2f85d\" data-element_type=\"widget\" data-widget_type=\"divider.default\">\n\t\t\t\t<div class=\"elementor-widget-container\">\n\t\t\t\t\t\t\t<div class=\"elementor-divider\">\n\t\t\t<span class=\"elementor-divider-separator\">\n\t\t\t\t\t\t<\/span>\n\t\t<\/div>\n\t\t\t\t\t\t<\/div>\n\t\t\t\t<\/div>\n\t\t\t\t<div class=\"elementor-element elementor-element-5870fa9d elementor-widget elementor-widget-text-editor\" data-id=\"5870fa9d\" data-element_type=\"widget\" data-widget_type=\"text-editor.default\">\n\t\t\t\t<div class=\"elementor-widget-container\">\n\t\t\t\t\t\t\t\t\t<p><h3>INTRODUCCI\u00d3<\/h3>\n<p>A Esfera Circ, sensibilitzats amb les necessitats dels usuaris d\u2019Internet i conscients de la import\u00e0ncia de la rigorosa privacitat de la informaci\u00f3 personal que ens confien, incloem aquesta declaraci\u00f3 de privacitat amb l\u2019objecte del fet que siguis conscient de la pol\u00edtica en el tractament de les dades personals que s\u2019obtenen dels visitants i usuaris..<\/p>\n<p>Com usuari, acceptes aquestes condicions pel sol fet de llegir, visualitzar o navegar en la web. Si no ho acceptes, has d\u2019abandonar la web, sense fer \u00fas d\u2019ella ni del seu contingut, i sense accedir a les p\u00e0gines enlla\u00e7ades.<\/p>\n<h3 id='responsable'>RESPONSABLE DEL TRACTAMENT DE DADES<\/h3>\n<p>El titular de la web i responsable del tractament de dades \u00e9s Associaci\u00f3 de Professionals del Circ de Catalunya (APCC), amb CIF G-63748925, per contactar pots emprar l&#8217;adre\u00e7a de correu electr\u00f2nic <a href=\"mailto:%69nf&#111;&#64;%6c&#97;%63%65&#110;%74&#114;a&#108;&#100;&#101;l&#99;i&#114;%63%2e%63%61&#116;\">info&#64;&#108;ac&#101;n&#116;rald&#101;&#108;&#99;&#105;r&#99;.c&#97;&#116;<\/a>, el tel\u00e9fon <a href=\"tel:+34933560890\" title=\"tel\u00e8fon\">(+34) 93 356 08 90<\/a> o correu postal a ESPLANADA DEL PARC DEL F\u00d2RUM, S\/N, codi postal 08019 BARCELONA.<\/p>\n<h3 id='finalidad'>FINALITAT DEL TRACTAMENT DE DADES<\/h3>\n<p>En la nostra web, existeixen apartats espec\u00edfics on pots anotar les teves dades per rebre informaci\u00f3 sobre actualitzacions de la nostra web i d\u2019alguns programes que es distribueixen. Nosaltres t\u2019assegurem que la informaci\u00f3 que ens facilitis ser\u00e0 gestionada de manera confidencial.<\/p>\n<p>Les dades s&#8217;emmagatzemaran mentre existeixi previsi\u00f3 del seu \u00fas per a la fi per al qual van ser recollides..<\/p>\n<p>No es fan preses de decisions automatitzades amb les teves dades.<\/p>\n<p>La web pot utilitzar cookies, consulta la nostra <a href=\"https:\/\/lacentraldelcirc.cat\/esferacirc\/cookies\/\">pol\u00edtica de cookies<\/a>.<\/p>\n<h3 id='legitimacion'>LEGITIMACI\u00d3 DEL TRACTAMENT DE DADES<\/h3>\n<p>L&#8217;\u00fas de les teves dades s\u2019efectua perqu\u00e8 ens d\u00f3nes el teu consentiment per utilitzar les que ens proporciones en els formularis per un \u00fas espec\u00edfic que s&#8217;indica en cadascun d&#8217;ells. Totes les teves dades nom\u00e9s s\u00f3n necess\u00e0ries per a usos concrets pels quals se&#8217;t  sol\u00b7liciten, si no ho fas, aquests serveis no s\u00f3n possibles.<\/p>\n<h3 id='transferencia'>TRANSFER\u00c8NCIES I CESSIONS DE DADES<\/h3>\n<p>Existeix un comprom\u00eds ferm per part nostre que les dades que proporcionis a Esfera Circ, no seran venudes ni cedides a terceres persones sense el teu previ consentiment, per a cap concepte o circumst\u00e0ncia, excepte consentiment expr\u00e9s o obligaci\u00f3 legal.<\/p>\n<p>La nostra web cont\u00e9 enlla\u00e7os cap a altres webs de tercers. Esfera Circ no es fa responsable per les pol\u00edtiques i pr\u00e0ctiques de privacitat d&#8217;aquestes altres webs.<\/p>\n<h3 id='derechos'>DRETS DELS INTERESSATS<\/h3>\n<p>Tens dret a accedir a la informaci\u00f3 que sobre la teva persona estigui emmagatzemada en les nostres bases de dades, rectificar-la en cas d\u2019errada, suprimir-la, limitar-la oposar-te al seu tractament i retirar-ne el consentiment si aquest \u00e9s el teu desig. Per fer-ho nom\u00e9s has d\u2019escriure un e-mail a l\u2019adre\u00e7a de correu electr\u00f2nic: <a href=\"mailto:%69&#110;&#102;o&#64;&#108;a&#99;en%74r%61%6c&#100;e&#108;c&#105;&#114;&#99;.c%61t\">&#105;&#110;fo&#64;&#108;ac&#101;n&#116;&#114;&#97;ldelcirc.c&#97;t<\/a> don et contestarem qualsevol consulta, comentari, aclariment que ens facis al respecte.<\/p>\n<p>Per a m\u00e9s informaci\u00f3 sobre temes relacionats, la web de refer\u00e8ncia de la Xarxa espanyola \u00e9s l\u2019<a href=\"https:\/\/www.agpd.es\/\">Agencia de Protecci\u00f3n de Datos<\/a>, on tens dret a reclamar.<\/p><\/p>\n\r\n<p>&nbsp;<\/p>\t\t\t\t\t\t\t\t<\/div>\n\t\t\t\t<\/div>\n\t\t\t\t\t<\/div>\n\t\t<\/div>\n\t\t\t\t\t<\/div>\n\t\t<\/section>\n\t\t\t\t<\/div>\n\t\t","protected":false},"excerpt":{"rendered":"<p>Pol\u00edtica de privadesa &nbsp;<\/p>\n","protected":false},"author":1,"featured_media":0,"parent":0,"menu_order":0,"comment_status":"closed","ping_status":"closed","template":"","meta":{"footnotes":""},"_links":{"self":[{"href":"https:\/\/lacentraldelcirc.cat\/esferacirc\/index.php\/wp-json\/wp\/v2\/pages\/661"}],"collection":[{"href":"https:\/\/lacentraldelcirc.cat\/esferacirc\/index.php\/wp-json\/wp\/v2\/pages"}],"about":[{"href":"https:\/\/lacentraldelcirc.cat\/esferacirc\/index.php\/wp-json\/wp\/v2\/types\/page"}],"author":[{"embeddable":true,"href":"https:\/\/lacentraldelcirc.cat\/esferacirc\/index.php\/wp-json\/wp\/v2\/users\/1"}],"replies":[{"embeddable":true,"href":"https:\/\/lacentraldelcirc.cat\/esferacirc\/index.php\/wp-json\/wp\/v2\/comments?post=661"}],"version-history":[{"count":2,"href":"https:\/\/lacentraldelcirc.cat\/esferacirc\/index.php\/wp-json\/wp\/v2\/pages\/661\/revisions"}],"predecessor-version":[{"id":676,"href":"https:\/\/lacentraldelcirc.cat\/esferacirc\/index.php\/wp-json\/wp\/v2\/pages\/661\/revisions\/676"}],"wp:attachment":[{"href":"https:\/\/lacentraldelcirc.cat\/esferacirc\/index.php\/wp-json\/wp\/v2\/media?parent=661"}],"curies":[{"name":"wp","href":"https:\/\/api.w.org\/{rel}","templated":true}]}}