{"id":18,"date":"2019-12-18T18:33:11","date_gmt":"2019-12-18T18:33:11","guid":{"rendered":"https:\/\/lacentraldelcirc.cat\/esferacirc\/?page_id=18"},"modified":"2022-03-30T11:33:24","modified_gmt":"2022-03-30T11:33:24","slug":"transparencia","status":"publish","type":"page","link":"https:\/\/lacentraldelcirc.cat\/esferacirc\/index.php\/transparencia\/","title":{"rendered":"Transpar\u00e8ncia"},"content":{"rendered":"\t\t<div data-elementor-type=\"wp-page\" data-elementor-id=\"18\" class=\"elementor elementor-18\">\n\t\t\t\t\t\t<section data-particle_enable=\"false\" data-particle-mobile-disabled=\"false\" class=\"elementor-section elementor-top-section elementor-element elementor-element-6d01f809 elementor-section-boxed elementor-section-height-default elementor-section-height-default\" data-id=\"6d01f809\" data-element_type=\"section\">\n\t\t\t\t\t\t<div class=\"elementor-container elementor-column-gap-default\">\n\t\t\t\t\t<div class=\"elementor-column elementor-col-100 elementor-top-column elementor-element elementor-element-3889388a\" data-id=\"3889388a\" data-element_type=\"column\">\n\t\t\t<div class=\"elementor-widget-wrap elementor-element-populated\">\n\t\t\t\t\t\t<div class=\"elementor-element elementor-element-53f77b4f elementor-widget elementor-widget-spacer\" data-id=\"53f77b4f\" data-element_type=\"widget\" data-widget_type=\"spacer.default\">\n\t\t\t\t<div class=\"elementor-widget-container\">\n\t\t\t\t\t\t\t<div class=\"elementor-spacer\">\n\t\t\t<div class=\"elementor-spacer-inner\"><\/div>\n\t\t<\/div>\n\t\t\t\t\t\t<\/div>\n\t\t\t\t<\/div>\n\t\t\t\t<div class=\"elementor-element elementor-element-79b4504c animated-slow elementor-invisible elementor-widget elementor-widget-heading\" data-id=\"79b4504c\" data-element_type=\"widget\" data-settings=\"{&quot;_animation&quot;:&quot;fadeInLeft&quot;}\" data-widget_type=\"heading.default\">\n\t\t\t\t<div class=\"elementor-widget-container\">\n\t\t\t\t\t<h2 class=\"elementor-heading-title elementor-size-default\">TRANSPAR\u00c8NCIA<\/h2>\t\t\t\t<\/div>\n\t\t\t\t<\/div>\n\t\t\t\t<div class=\"elementor-element elementor-element-607d81df elementor-widget-divider--view-line elementor-widget elementor-widget-global elementor-global-735 elementor-widget-divider\" data-id=\"607d81df\" data-element_type=\"widget\" data-widget_type=\"divider.default\">\n\t\t\t\t<div class=\"elementor-widget-container\">\n\t\t\t\t\t\t\t<div class=\"elementor-divider\">\n\t\t\t<span class=\"elementor-divider-separator\">\n\t\t\t\t\t\t<\/span>\n\t\t<\/div>\n\t\t\t\t\t\t<\/div>\n\t\t\t\t<\/div>\n\t\t\t\t<div class=\"elementor-element elementor-element-3c993d16 elementor-widget elementor-widget-spacer\" data-id=\"3c993d16\" data-element_type=\"widget\" data-widget_type=\"spacer.default\">\n\t\t\t\t<div class=\"elementor-widget-container\">\n\t\t\t\t\t\t\t<div class=\"elementor-spacer\">\n\t\t\t<div class=\"elementor-spacer-inner\"><\/div>\n\t\t<\/div>\n\t\t\t\t\t\t<\/div>\n\t\t\t\t<\/div>\n\t\t\t\t\t<\/div>\n\t\t<\/div>\n\t\t\t\t\t<\/div>\n\t\t<\/section>\n\t\t\t\t<section data-particle_enable=\"false\" data-particle-mobile-disabled=\"false\" class=\"elementor-section elementor-top-section elementor-element elementor-element-3f9eb03d elementor-section-boxed elementor-section-height-default elementor-section-height-default\" data-id=\"3f9eb03d\" data-element_type=\"section\">\n\t\t\t\t\t\t<div class=\"elementor-container elementor-column-gap-no\">\n\t\t\t\t\t<div class=\"elementor-column elementor-col-50 elementor-top-column elementor-element elementor-element-6c661e14\" data-id=\"6c661e14\" data-element_type=\"column\">\n\t\t\t<div class=\"elementor-widget-wrap elementor-element-populated\">\n\t\t\t\t\t\t<div class=\"elementor-element elementor-element-755d4635 elementor-widget elementor-widget-image\" data-id=\"755d4635\" data-element_type=\"widget\" data-widget_type=\"image.default\">\n\t\t\t\t<div class=\"elementor-widget-container\">\n\t\t\t\t\t\t\t\t\t\t\t\t\t\t\t\t<a href=\"https:\/\/drive.google.com\/file\/d\/1oY7YzR1ITprOtQqUBzfhWsQDFzpDTGy2\/view?usp=sharing\" target=\"_blank\">\n\t\t\t\t\t\t\t<img fetchpriority=\"high\" decoding=\"async\" width=\"1241\" height=\"1755\" src=\"https:\/\/lacentraldelcirc.cat\/esferacirc\/wp-content\/uploads\/2022\/03\/memoria-2021_imatge.jpg\" class=\"elementor-animation-grow attachment-full size-full wp-image-1102\" alt=\"\" srcset=\"https:\/\/lacentraldelcirc.cat\/esferacirc\/wp-content\/uploads\/2022\/03\/memoria-2021_imatge.jpg 1241w, https:\/\/lacentraldelcirc.cat\/esferacirc\/wp-content\/uploads\/2022\/03\/memoria-2021_imatge-212x300.jpg 212w, https:\/\/lacentraldelcirc.cat\/esferacirc\/wp-content\/uploads\/2022\/03\/memoria-2021_imatge-724x1024.jpg 724w, https:\/\/lacentraldelcirc.cat\/esferacirc\/wp-content\/uploads\/2022\/03\/memoria-2021_imatge-768x1086.jpg 768w, https:\/\/lacentraldelcirc.cat\/esferacirc\/wp-content\/uploads\/2022\/03\/memoria-2021_imatge-1086x1536.jpg 1086w\" sizes=\"(max-width: 1241px) 100vw, 1241px\" \/>\t\t\t\t\t\t\t\t<\/a>\n\t\t\t\t\t\t\t\t\t\t\t\t\t\t\t<\/div>\n\t\t\t\t<\/div>\n\t\t\t\t<div class=\"elementor-element elementor-element-374bac56 elementor-widget elementor-widget-text-editor\" data-id=\"374bac56\" data-element_type=\"widget\" data-widget_type=\"text-editor.default\">\n\t\t\t\t<div class=\"elementor-widget-container\">\n\t\t\t\t\t\t\t\t\t<p style=\"text-align: center;\">Descarregar <a href=\"https:\/\/drive.google.com\/file\/d\/1oY7YzR1ITprOtQqUBzfhWsQDFzpDTGy2\/view?usp=sharing\"><strong>Mem\u00f2ria 2021<\/strong><\/a><\/p>\t\t\t\t\t\t\t\t<\/div>\n\t\t\t\t<\/div>\n\t\t\t\t\t<\/div>\n\t\t<\/div>\n\t\t\t\t<div class=\"elementor-column elementor-col-50 elementor-top-column elementor-element elementor-element-438599c1\" data-id=\"438599c1\" data-element_type=\"column\">\n\t\t\t<div class=\"elementor-widget-wrap elementor-element-populated\">\n\t\t\t\t\t\t<div class=\"elementor-element elementor-element-7a372b5f elementor-widget elementor-widget-image\" data-id=\"7a372b5f\" data-element_type=\"widget\" data-widget_type=\"image.default\">\n\t\t\t\t<div class=\"elementor-widget-container\">\n\t\t\t\t\t\t\t\t\t\t\t\t\t\t\t\t<a href=\"https:\/\/drive.google.com\/file\/d\/1xMBeqkqfTgXh0f1IM7bMfU-n5242SyRZ\/view\" target=\"_blank\">\n\t\t\t\t\t\t\t<img decoding=\"async\" width=\"724\" height=\"1024\" src=\"https:\/\/lacentraldelcirc.cat\/esferacirc\/wp-content\/uploads\/2022\/03\/memoria-2020_imatge-724x1024.jpg\" class=\"elementor-animation-grow attachment-large size-large wp-image-1101\" alt=\"\" srcset=\"https:\/\/lacentraldelcirc.cat\/esferacirc\/wp-content\/uploads\/2022\/03\/memoria-2020_imatge-724x1024.jpg 724w, https:\/\/lacentraldelcirc.cat\/esferacirc\/wp-content\/uploads\/2022\/03\/memoria-2020_imatge-212x300.jpg 212w, https:\/\/lacentraldelcirc.cat\/esferacirc\/wp-content\/uploads\/2022\/03\/memoria-2020_imatge-768x1086.jpg 768w, https:\/\/lacentraldelcirc.cat\/esferacirc\/wp-content\/uploads\/2022\/03\/memoria-2020_imatge-1086x1536.jpg 1086w, https:\/\/lacentraldelcirc.cat\/esferacirc\/wp-content\/uploads\/2022\/03\/memoria-2020_imatge.jpg 1241w\" sizes=\"(max-width: 724px) 100vw, 724px\" \/>\t\t\t\t\t\t\t\t<\/a>\n\t\t\t\t\t\t\t\t\t\t\t\t\t\t\t<\/div>\n\t\t\t\t<\/div>\n\t\t\t\t<div class=\"elementor-element elementor-element-3f7419e4 elementor-widget elementor-widget-text-editor\" data-id=\"3f7419e4\" data-element_type=\"widget\" data-widget_type=\"text-editor.default\">\n\t\t\t\t<div class=\"elementor-widget-container\">\n\t\t\t\t\t\t\t\t\t<p style=\"text-align: center;\">Descarregar <a href=\"https:\/\/drive.google.com\/file\/d\/1xMBeqkqfTgXh0f1IM7bMfU-n5242SyRZ\/view\"><strong>Mem\u00f2ria 2020<\/strong><\/a><\/p>\t\t\t\t\t\t\t\t<\/div>\n\t\t\t\t<\/div>\n\t\t\t\t\t<\/div>\n\t\t<\/div>\n\t\t\t\t\t<\/div>\n\t\t<\/section>\n\t\t\t\t<section data-particle_enable=\"false\" data-particle-mobile-disabled=\"false\" class=\"elementor-section elementor-top-section elementor-element elementor-element-1cc81a11 elementor-section-boxed elementor-section-height-default elementor-section-height-default\" data-id=\"1cc81a11\" data-element_type=\"section\">\n\t\t\t\t\t\t<div class=\"elementor-container elementor-column-gap-default\">\n\t\t\t\t\t<div class=\"elementor-column elementor-col-100 elementor-top-column elementor-element elementor-element-5117abea\" data-id=\"5117abea\" data-element_type=\"column\">\n\t\t\t<div class=\"elementor-widget-wrap elementor-element-populated\">\n\t\t\t\t\t\t<div class=\"elementor-element elementor-element-248aefc1 elementor-widget elementor-widget-spacer\" data-id=\"248aefc1\" data-element_type=\"widget\" data-widget_type=\"spacer.default\">\n\t\t\t\t<div class=\"elementor-widget-container\">\n\t\t\t\t\t\t\t<div class=\"elementor-spacer\">\n\t\t\t<div class=\"elementor-spacer-inner\"><\/div>\n\t\t<\/div>\n\t\t\t\t\t\t<\/div>\n\t\t\t\t<\/div>\n\t\t\t\t\t<\/div>\n\t\t<\/div>\n\t\t\t\t\t<\/div>\n\t\t<\/section>\n\t\t\t\t<section data-particle_enable=\"false\" data-particle-mobile-disabled=\"false\" class=\"elementor-section elementor-top-section elementor-element elementor-element-528e6199 elementor-section-boxed elementor-section-height-default elementor-section-height-default\" data-id=\"528e6199\" data-element_type=\"section\">\n\t\t\t\t\t\t<div class=\"elementor-container elementor-column-gap-default\">\n\t\t\t\t\t<div class=\"elementor-column elementor-col-100 elementor-top-column elementor-element elementor-element-30624223\" data-id=\"30624223\" data-element_type=\"column\">\n\t\t\t<div class=\"elementor-widget-wrap elementor-element-populated\">\n\t\t\t\t\t\t<div class=\"elementor-element elementor-element-44bba45c elementor-widget elementor-widget-spacer\" data-id=\"44bba45c\" data-element_type=\"widget\" data-widget_type=\"spacer.default\">\n\t\t\t\t<div class=\"elementor-widget-container\">\n\t\t\t\t\t\t\t<div class=\"elementor-spacer\">\n\t\t\t<div class=\"elementor-spacer-inner\"><\/div>\n\t\t<\/div>\n\t\t\t\t\t\t<\/div>\n\t\t\t\t<\/div>\n\t\t\t\t\t<\/div>\n\t\t<\/div>\n\t\t\t\t\t<\/div>\n\t\t<\/section>\n\t\t\t\t<section data-particle_enable=\"false\" data-particle-mobile-disabled=\"false\" class=\"elementor-section elementor-top-section elementor-element elementor-element-b7fec07 elementor-section-boxed elementor-section-height-default elementor-section-height-default\" data-id=\"b7fec07\" data-element_type=\"section\">\n\t\t\t\t\t\t<div class=\"elementor-container elementor-column-gap-no\">\n\t\t\t\t\t<div class=\"elementor-column elementor-col-33 elementor-top-column elementor-element elementor-element-1681184\" data-id=\"1681184\" data-element_type=\"column\">\n\t\t\t<div class=\"elementor-widget-wrap elementor-element-populated\">\n\t\t\t\t\t\t<div class=\"elementor-element elementor-element-d666815 elementor-widget elementor-widget-image\" data-id=\"d666815\" data-element_type=\"widget\" data-widget_type=\"image.default\">\n\t\t\t\t<div class=\"elementor-widget-container\">\n\t\t\t\t\t\t\t\t\t\t\t\t\t\t\t\t<a href=\"https:\/\/lacentraldelcirc.cat\/esferacirc\/wp-content\/uploads\/2020\/07\/EsferaCirc_Convocatoria_artistes.pdf\" target=\"_blank\">\n\t\t\t\t\t\t\t<img decoding=\"async\" width=\"1823\" height=\"2560\" src=\"https:\/\/lacentraldelcirc.cat\/esferacirc\/wp-content\/uploads\/2020\/07\/ESFERA_CIRC_convocatoriaartistes_portada-scaled-1.jpg\" class=\"elementor-animation-grow attachment-full size-full wp-image-1000\" alt=\"\" srcset=\"https:\/\/lacentraldelcirc.cat\/esferacirc\/wp-content\/uploads\/2020\/07\/ESFERA_CIRC_convocatoriaartistes_portada-scaled-1.jpg 1823w, https:\/\/lacentraldelcirc.cat\/esferacirc\/wp-content\/uploads\/2020\/07\/ESFERA_CIRC_convocatoriaartistes_portada-scaled-1-214x300.jpg 214w, https:\/\/lacentraldelcirc.cat\/esferacirc\/wp-content\/uploads\/2020\/07\/ESFERA_CIRC_convocatoriaartistes_portada-scaled-1-729x1024.jpg 729w, https:\/\/lacentraldelcirc.cat\/esferacirc\/wp-content\/uploads\/2020\/07\/ESFERA_CIRC_convocatoriaartistes_portada-scaled-1-768x1078.jpg 768w, https:\/\/lacentraldelcirc.cat\/esferacirc\/wp-content\/uploads\/2020\/07\/ESFERA_CIRC_convocatoriaartistes_portada-scaled-1-1094x1536.jpg 1094w, https:\/\/lacentraldelcirc.cat\/esferacirc\/wp-content\/uploads\/2020\/07\/ESFERA_CIRC_convocatoriaartistes_portada-scaled-1-1458x2048.jpg 1458w\" sizes=\"(max-width: 1823px) 100vw, 1823px\" \/>\t\t\t\t\t\t\t\t<\/a>\n\t\t\t\t\t\t\t\t\t\t\t\t\t\t\t<\/div>\n\t\t\t\t<\/div>\n\t\t\t\t<div class=\"elementor-element elementor-element-502306c elementor-widget elementor-widget-text-editor\" data-id=\"502306c\" data-element_type=\"widget\" data-widget_type=\"text-editor.default\">\n\t\t\t\t<div class=\"elementor-widget-container\">\n\t\t\t\t\t\t\t\t\t<p style=\"text-align: center;\">Descarregar <a href=\"https:\/\/lacentraldelcirc.cat\/esferacirc\/wp-content\/uploads\/2020\/07\/EsferaCirc_Convocatoria_artistes.pdf\"><strong>Convocat\u00f2ria Artistes Coordinadors\/es<\/strong><\/a><\/p>\t\t\t\t\t\t\t\t<\/div>\n\t\t\t\t<\/div>\n\t\t\t\t\t<\/div>\n\t\t<\/div>\n\t\t\t\t<div class=\"elementor-column elementor-col-33 elementor-top-column elementor-element elementor-element-fac5b8b\" data-id=\"fac5b8b\" data-element_type=\"column\">\n\t\t\t<div class=\"elementor-widget-wrap elementor-element-populated\">\n\t\t\t\t\t\t<div class=\"elementor-element elementor-element-80624ea elementor-widget elementor-widget-image\" data-id=\"80624ea\" data-element_type=\"widget\" data-widget_type=\"image.default\">\n\t\t\t\t<div class=\"elementor-widget-container\">\n\t\t\t\t\t\t\t\t\t\t\t\t\t\t\t\t<a href=\"https:\/\/lacentraldelcirc.cat\/esferacirc\/wp-content\/uploads\/2020\/07\/ESFERA_CIRC_convocatoriaajuntaments-1.pdf\" target=\"_blank\">\n\t\t\t\t\t\t\t<img loading=\"lazy\" decoding=\"async\" width=\"1823\" height=\"2560\" src=\"https:\/\/lacentraldelcirc.cat\/esferacirc\/wp-content\/uploads\/2020\/07\/ESFERA_CIRC_convocatoriaajuntaments_portada-scaled.jpg\" class=\"elementor-animation-grow attachment-full size-full wp-image-963\" alt=\"\" srcset=\"https:\/\/lacentraldelcirc.cat\/esferacirc\/wp-content\/uploads\/2020\/07\/ESFERA_CIRC_convocatoriaajuntaments_portada-scaled.jpg 1823w, https:\/\/lacentraldelcirc.cat\/esferacirc\/wp-content\/uploads\/2020\/07\/ESFERA_CIRC_convocatoriaajuntaments_portada-214x300.jpg 214w, https:\/\/lacentraldelcirc.cat\/esferacirc\/wp-content\/uploads\/2020\/07\/ESFERA_CIRC_convocatoriaajuntaments_portada-729x1024.jpg 729w, https:\/\/lacentraldelcirc.cat\/esferacirc\/wp-content\/uploads\/2020\/07\/ESFERA_CIRC_convocatoriaajuntaments_portada-768x1078.jpg 768w, https:\/\/lacentraldelcirc.cat\/esferacirc\/wp-content\/uploads\/2020\/07\/ESFERA_CIRC_convocatoriaajuntaments_portada-1094x1536.jpg 1094w, https:\/\/lacentraldelcirc.cat\/esferacirc\/wp-content\/uploads\/2020\/07\/ESFERA_CIRC_convocatoriaajuntaments_portada-1459x2048.jpg 1459w\" sizes=\"(max-width: 1823px) 100vw, 1823px\" \/>\t\t\t\t\t\t\t\t<\/a>\n\t\t\t\t\t\t\t\t\t\t\t\t\t\t\t<\/div>\n\t\t\t\t<\/div>\n\t\t\t\t<div class=\"elementor-element elementor-element-2d64c56 elementor-widget elementor-widget-text-editor\" data-id=\"2d64c56\" data-element_type=\"widget\" data-widget_type=\"text-editor.default\">\n\t\t\t\t<div class=\"elementor-widget-container\">\n\t\t\t\t\t\t\t\t\t<p style=\"text-align: center;\">Descarregar <a href=\"https:\/\/lacentraldelcirc.cat\/esferacirc\/wp-content\/uploads\/2020\/07\/ESFERA_CIRC_convocatoriaajuntaments-1.pdf\"><strong>Convocat\u00f2ria Responsables d&#8217;equipaments\u00a0<\/strong><\/a><\/p>\t\t\t\t\t\t\t\t<\/div>\n\t\t\t\t<\/div>\n\t\t\t\t\t<\/div>\n\t\t<\/div>\n\t\t\t\t<div class=\"elementor-column elementor-col-33 elementor-top-column elementor-element elementor-element-84b5e6d\" data-id=\"84b5e6d\" data-element_type=\"column\">\n\t\t\t<div class=\"elementor-widget-wrap elementor-element-populated\">\n\t\t\t\t\t\t<div class=\"elementor-element elementor-element-07fe697 elementor-widget elementor-widget-image\" data-id=\"07fe697\" data-element_type=\"widget\" data-widget_type=\"image.default\">\n\t\t\t\t<div class=\"elementor-widget-container\">\n\t\t\t\t\t\t\t\t\t\t\t\t\t\t\t\t<a href=\"https:\/\/drive.google.com\/file\/d\/1mmeS869IzBrih5zyloDNDl-pFTiDXmwb\/view\" target=\"_blank\">\n\t\t\t\t\t\t\t<img loading=\"lazy\" decoding=\"async\" width=\"729\" height=\"1024\" src=\"https:\/\/lacentraldelcirc.cat\/esferacirc\/wp-content\/uploads\/2020\/07\/portada-memoria-2019-729x1024.jpg\" class=\"elementor-animation-grow attachment-large size-large wp-image-965\" alt=\"\" srcset=\"https:\/\/lacentraldelcirc.cat\/esferacirc\/wp-content\/uploads\/2020\/07\/portada-memoria-2019-729x1024.jpg 729w, https:\/\/lacentraldelcirc.cat\/esferacirc\/wp-content\/uploads\/2020\/07\/portada-memoria-2019-214x300.jpg 214w, https:\/\/lacentraldelcirc.cat\/esferacirc\/wp-content\/uploads\/2020\/07\/portada-memoria-2019-768x1078.jpg 768w, https:\/\/lacentraldelcirc.cat\/esferacirc\/wp-content\/uploads\/2020\/07\/portada-memoria-2019-1094x1536.jpg 1094w, https:\/\/lacentraldelcirc.cat\/esferacirc\/wp-content\/uploads\/2020\/07\/portada-memoria-2019-1459x2048.jpg 1459w, https:\/\/lacentraldelcirc.cat\/esferacirc\/wp-content\/uploads\/2020\/07\/portada-memoria-2019-scaled.jpg 1823w\" sizes=\"(max-width: 729px) 100vw, 729px\" \/>\t\t\t\t\t\t\t\t<\/a>\n\t\t\t\t\t\t\t\t\t\t\t\t\t\t\t<\/div>\n\t\t\t\t<\/div>\n\t\t\t\t<div class=\"elementor-element elementor-element-f54ce4f elementor-widget elementor-widget-text-editor\" data-id=\"f54ce4f\" data-element_type=\"widget\" data-widget_type=\"text-editor.default\">\n\t\t\t\t<div class=\"elementor-widget-container\">\n\t\t\t\t\t\t\t\t\t<p style=\"text-align: center;\">Descarregar <a href=\"https:\/\/drive.google.com\/file\/d\/1mmeS869IzBrih5zyloDNDl-pFTiDXmwb\/view\"><strong>Mem\u00f2ria 2019<\/strong><\/a><\/p>\t\t\t\t\t\t\t\t<\/div>\n\t\t\t\t<\/div>\n\t\t\t\t\t<\/div>\n\t\t<\/div>\n\t\t\t\t\t<\/div>\n\t\t<\/section>\n\t\t\t\t<section data-particle_enable=\"false\" data-particle-mobile-disabled=\"false\" class=\"elementor-section elementor-top-section elementor-element elementor-element-1d34616 elementor-section-boxed elementor-section-height-default elementor-section-height-default\" data-id=\"1d34616\" data-element_type=\"section\">\n\t\t\t\t\t\t<div class=\"elementor-container elementor-column-gap-default\">\n\t\t\t\t\t<div class=\"elementor-column elementor-col-100 elementor-top-column elementor-element elementor-element-409ec5a\" data-id=\"409ec5a\" data-element_type=\"column\">\n\t\t\t<div class=\"elementor-widget-wrap elementor-element-populated\">\n\t\t\t\t\t\t<div class=\"elementor-element elementor-element-d4953f1 elementor-widget elementor-widget-spacer\" data-id=\"d4953f1\" data-element_type=\"widget\" data-widget_type=\"spacer.default\">\n\t\t\t\t<div class=\"elementor-widget-container\">\n\t\t\t\t\t\t\t<div class=\"elementor-spacer\">\n\t\t\t<div class=\"elementor-spacer-inner\"><\/div>\n\t\t<\/div>\n\t\t\t\t\t\t<\/div>\n\t\t\t\t<\/div>\n\t\t\t\t\t<\/div>\n\t\t<\/div>\n\t\t\t\t\t<\/div>\n\t\t<\/section>\n\t\t\t\t<\/div>\n\t\t","protected":false},"excerpt":{"rendered":"<p>TRANSPAR\u00c8NCIA Descarregar Mem\u00f2ria 2021 Descarregar Mem\u00f2ria 2020 Descarregar Convocat\u00f2ria Artistes Coordinadors\/es Descarregar Convocat\u00f2ria Responsables d&#8217;equipaments\u00a0 Descarregar Mem\u00f2ria 2019<\/p>\n","protected":false},"author":1,"featured_media":0,"parent":0,"menu_order":2,"comment_status":"closed","ping_status":"closed","template":"elementor_header_footer","meta":{"footnotes":""},"_links":{"self":[{"href":"https:\/\/lacentraldelcirc.cat\/esferacirc\/index.php\/wp-json\/wp\/v2\/pages\/18"}],"collection":[{"href":"https:\/\/lacentraldelcirc.cat\/esferacirc\/index.php\/wp-json\/wp\/v2\/pages"}],"about":[{"href":"https:\/\/lacentraldelcirc.cat\/esferacirc\/index.php\/wp-json\/wp\/v2\/types\/page"}],"author":[{"embeddable":true,"href":"https:\/\/lacentraldelcirc.cat\/esferacirc\/index.php\/wp-json\/wp\/v2\/users\/1"}],"replies":[{"embeddable":true,"href":"https:\/\/lacentraldelcirc.cat\/esferacirc\/index.php\/wp-json\/wp\/v2\/comments?post=18"}],"version-history":[{"count":43,"href":"https:\/\/lacentraldelcirc.cat\/esferacirc\/index.php\/wp-json\/wp\/v2\/pages\/18\/revisions"}],"predecessor-version":[{"id":1121,"href":"https:\/\/lacentraldelcirc.cat\/esferacirc\/index.php\/wp-json\/wp\/v2\/pages\/18\/revisions\/1121"}],"wp:attachment":[{"href":"https:\/\/lacentraldelcirc.cat\/esferacirc\/index.php\/wp-json\/wp\/v2\/media?parent=18"}],"curies":[{"name":"wp","href":"https:\/\/api.w.org\/{rel}","templated":true}]}}