{"id":4043,"date":"2021-12-09T18:22:17","date_gmt":"2021-12-09T17:22:17","guid":{"rendered":"https:\/\/lacentraldelcirc.cat\/creacio-i-recerca\/transits-de-creadors\/"},"modified":"2026-03-16T16:20:48","modified_gmt":"2026-03-16T15:20:48","slug":"transits-de-creadors","status":"publish","type":"page","link":"https:\/\/lacentraldelcirc.cat\/es\/creacio-i-recerca\/transits-de-creadors\/","title":{"rendered":"Tr\u00e0nsits"},"content":{"rendered":"<p data-start=\"81\" data-end=\"527\">El programa de residencias Tr\u00e0nsits, con el apoyo de las Becas Barcelona Crea \u2013 F\u00e1bricas de Creaci\u00f3n, ofrece asistencia a compa\u00f1\u00edas de circo que necesitan un espacio f\u00edsico y acompa\u00f1amiento para desarrollar sus proyectos art\u00edsticos, ya sea en investigaci\u00f3n, creaci\u00f3n o ensayos de espect\u00e1culos. El objetivo es estimular a los y las artistas para que puedan dedicarse con mayor intensidad a la investigaci\u00f3n y al desarrollo de su trabajo.<\/p>\n<p data-start=\"529\" data-end=\"781\">Para adaptarse a la etapa o \u201ctr\u00e1nsito\u201d del proceso creativo en que se encuentra cada proyecto y favorecer una progresi\u00f3n real, se proponen diversos formatos de residencias. Los y las artistas pueden acceder a ellas a trav\u00e9s de una convocatoria anual.<\/p>\n<p data-start=\"783\" data-end=\"960\">Cabe destacar que los formatos y las condiciones de las residencias se actualizan cada a\u00f1o para ajustarse al m\u00e1ximo a la realidad de los y las artistas de circo contempor\u00e1neo.<\/p>\n<p data-start=\"962\" data-end=\"1022\">Pod\u00e9is consultar las bases de la \u00faltima convocatoria <a href=\"https:\/\/lacentraldelcirc.cat\/wp-content\/uploads\/2025\/07\/CONVOCATORIA_CAST.pdf\">aqu\u00ed<\/a>.<\/p>\n","protected":false},"excerpt":{"rendered":"<p>El programa de residencias Tr\u00e0nsits, con el apoyo de las Becas Barcelona Crea \u2013 F\u00e1bricas de Creaci\u00f3n, ofrece asistencia a compa\u00f1\u00edas de circo que necesitan un espacio f\u00edsico y acompa\u00f1amiento para desarrollar sus proyectos art\u00edsticos, ya sea en investigaci\u00f3n, creaci\u00f3n o ensayos de espect\u00e1culos. El objetivo es estimular a los y las artistas para que [&hellip;]<\/p>\n","protected":false},"author":1,"featured_media":0,"parent":2992,"menu_order":0,"comment_status":"closed","ping_status":"closed","template":"page-transits-de-creadors.php","meta":{"_acf_changed":false,"inline_featured_image":false,"footnotes":""},"class_list":["post-4043","page","type-page","status-publish","hentry"],"acf":[],"yoast_head":"<!-- This site is optimized with the Yoast SEO plugin v27.2 - https:\/\/yoast.com\/product\/yoast-seo-wordpress\/ -->\n<title>Tr\u00e0nsits - La Central del Circ<\/title>\n<meta name=\"robots\" content=\"index, follow, max-snippet:-1, max-image-preview:large, max-video-preview:-1\" \/>\n<link rel=\"canonical\" href=\"https:\/\/lacentraldelcirc.cat\/es\/creacio-i-recerca\/transits-de-creadors\/\" \/>\n<meta property=\"og:locale\" content=\"es_ES\" \/>\n<meta property=\"og:type\" content=\"article\" \/>\n<meta property=\"og:title\" content=\"Tr\u00e0nsits - La Central del Circ\" \/>\n<meta property=\"og:description\" content=\"El programa de residencias Tr\u00e0nsits, con el apoyo de las Becas Barcelona Crea \u2013 F\u00e1bricas de Creaci\u00f3n, ofrece asistencia a compa\u00f1\u00edas de circo que necesitan un espacio f\u00edsico y acompa\u00f1amiento para desarrollar sus proyectos art\u00edsticos, ya sea en investigaci\u00f3n, creaci\u00f3n o ensayos de espect\u00e1culos. El objetivo es estimular a los y las artistas para que [&hellip;]\" \/>\n<meta property=\"og:url\" content=\"https:\/\/lacentraldelcirc.cat\/es\/creacio-i-recerca\/transits-de-creadors\/\" \/>\n<meta property=\"og:site_name\" content=\"La Central del Circ\" \/>\n<meta property=\"article:modified_time\" content=\"2026-03-16T15:20:48+00:00\" \/>\n<meta name=\"twitter:card\" content=\"summary_large_image\" \/>\n<meta name=\"twitter:label1\" content=\"Tiempo de lectura\" \/>\n\t<meta name=\"twitter:data1\" content=\"1 minuto\" \/>\n<script type=\"application\/ld+json\" class=\"yoast-schema-graph\">{\"@context\":\"https:\/\/schema.org\",\"@graph\":[{\"@type\":\"WebPage\",\"@id\":\"https:\/\/lacentraldelcirc.cat\/es\/creacio-i-recerca\/transits-de-creadors\/\",\"url\":\"https:\/\/lacentraldelcirc.cat\/es\/creacio-i-recerca\/transits-de-creadors\/\",\"name\":\"Tr\u00e0nsits - La Central del Circ\",\"isPartOf\":{\"@id\":\"https:\/\/lacentraldelcirc.cat\/#website\"},\"datePublished\":\"2021-12-09T17:22:17+00:00\",\"dateModified\":\"2026-03-16T15:20:48+00:00\",\"breadcrumb\":{\"@id\":\"https:\/\/lacentraldelcirc.cat\/es\/creacio-i-recerca\/transits-de-creadors\/#breadcrumb\"},\"inLanguage\":\"es\",\"potentialAction\":[{\"@type\":\"ReadAction\",\"target\":[\"https:\/\/lacentraldelcirc.cat\/es\/creacio-i-recerca\/transits-de-creadors\/\"]}]},{\"@type\":\"BreadcrumbList\",\"@id\":\"https:\/\/lacentraldelcirc.cat\/es\/creacio-i-recerca\/transits-de-creadors\/#breadcrumb\",\"itemListElement\":[{\"@type\":\"ListItem\",\"position\":1,\"name\":\"Creaci\u00f3n e investigaci\u00f3n\",\"item\":\"https:\/\/lacentraldelcirc.cat\/es\/creacio-i-recerca\/\"},{\"@type\":\"ListItem\",\"position\":2,\"name\":\"Tr\u00e0nsits\"}]},{\"@type\":\"WebSite\",\"@id\":\"https:\/\/lacentraldelcirc.cat\/#website\",\"url\":\"https:\/\/lacentraldelcirc.cat\/\",\"name\":\"La Central del Circ\",\"description\":\"\",\"potentialAction\":[{\"@type\":\"SearchAction\",\"target\":{\"@type\":\"EntryPoint\",\"urlTemplate\":\"https:\/\/lacentraldelcirc.cat\/?s={search_term_string}\"},\"query-input\":{\"@type\":\"PropertyValueSpecification\",\"valueRequired\":true,\"valueName\":\"search_term_string\"}}],\"inLanguage\":\"es\"}]}<\/script>\n<!-- \/ Yoast SEO plugin. -->","yoast_head_json":{"title":"Tr\u00e0nsits - La Central del Circ","robots":{"index":"index","follow":"follow","max-snippet":"max-snippet:-1","max-image-preview":"max-image-preview:large","max-video-preview":"max-video-preview:-1"},"canonical":"https:\/\/lacentraldelcirc.cat\/es\/creacio-i-recerca\/transits-de-creadors\/","og_locale":"es_ES","og_type":"article","og_title":"Tr\u00e0nsits - La Central del Circ","og_description":"El programa de residencias Tr\u00e0nsits, con el apoyo de las Becas Barcelona Crea \u2013 F\u00e1bricas de Creaci\u00f3n, ofrece asistencia a compa\u00f1\u00edas de circo que necesitan un espacio f\u00edsico y acompa\u00f1amiento para desarrollar sus proyectos art\u00edsticos, ya sea en investigaci\u00f3n, creaci\u00f3n o ensayos de espect\u00e1culos. El objetivo es estimular a los y las artistas para que [&hellip;]","og_url":"https:\/\/lacentraldelcirc.cat\/es\/creacio-i-recerca\/transits-de-creadors\/","og_site_name":"La Central del Circ","article_modified_time":"2026-03-16T15:20:48+00:00","twitter_card":"summary_large_image","twitter_misc":{"Tiempo de lectura":"1 minuto"},"schema":{"@context":"https:\/\/schema.org","@graph":[{"@type":"WebPage","@id":"https:\/\/lacentraldelcirc.cat\/es\/creacio-i-recerca\/transits-de-creadors\/","url":"https:\/\/lacentraldelcirc.cat\/es\/creacio-i-recerca\/transits-de-creadors\/","name":"Tr\u00e0nsits - La Central del Circ","isPartOf":{"@id":"https:\/\/lacentraldelcirc.cat\/#website"},"datePublished":"2021-12-09T17:22:17+00:00","dateModified":"2026-03-16T15:20:48+00:00","breadcrumb":{"@id":"https:\/\/lacentraldelcirc.cat\/es\/creacio-i-recerca\/transits-de-creadors\/#breadcrumb"},"inLanguage":"es","potentialAction":[{"@type":"ReadAction","target":["https:\/\/lacentraldelcirc.cat\/es\/creacio-i-recerca\/transits-de-creadors\/"]}]},{"@type":"BreadcrumbList","@id":"https:\/\/lacentraldelcirc.cat\/es\/creacio-i-recerca\/transits-de-creadors\/#breadcrumb","itemListElement":[{"@type":"ListItem","position":1,"name":"Creaci\u00f3n e investigaci\u00f3n","item":"https:\/\/lacentraldelcirc.cat\/es\/creacio-i-recerca\/"},{"@type":"ListItem","position":2,"name":"Tr\u00e0nsits"}]},{"@type":"WebSite","@id":"https:\/\/lacentraldelcirc.cat\/#website","url":"https:\/\/lacentraldelcirc.cat\/","name":"La Central del Circ","description":"","potentialAction":[{"@type":"SearchAction","target":{"@type":"EntryPoint","urlTemplate":"https:\/\/lacentraldelcirc.cat\/?s={search_term_string}"},"query-input":{"@type":"PropertyValueSpecification","valueRequired":true,"valueName":"search_term_string"}}],"inLanguage":"es"}]}},"_links":{"self":[{"href":"https:\/\/lacentraldelcirc.cat\/es\/wp-json\/wp\/v2\/pages\/4043","targetHints":{"allow":["GET"]}}],"collection":[{"href":"https:\/\/lacentraldelcirc.cat\/es\/wp-json\/wp\/v2\/pages"}],"about":[{"href":"https:\/\/lacentraldelcirc.cat\/es\/wp-json\/wp\/v2\/types\/page"}],"author":[{"embeddable":true,"href":"https:\/\/lacentraldelcirc.cat\/es\/wp-json\/wp\/v2\/users\/1"}],"replies":[{"embeddable":true,"href":"https:\/\/lacentraldelcirc.cat\/es\/wp-json\/wp\/v2\/comments?post=4043"}],"version-history":[{"count":42,"href":"https:\/\/lacentraldelcirc.cat\/es\/wp-json\/wp\/v2\/pages\/4043\/revisions"}],"predecessor-version":[{"id":15696,"href":"https:\/\/lacentraldelcirc.cat\/es\/wp-json\/wp\/v2\/pages\/4043\/revisions\/15696"}],"up":[{"embeddable":true,"href":"https:\/\/lacentraldelcirc.cat\/es\/wp-json\/wp\/v2\/pages\/2992"}],"wp:attachment":[{"href":"https:\/\/lacentraldelcirc.cat\/es\/wp-json\/wp\/v2\/media?parent=4043"}],"curies":[{"name":"wp","href":"https:\/\/api.w.org\/{rel}","templated":true}]}}