{"id":4176,"date":"2023-01-23T13:19:13","date_gmt":"2023-01-23T12:19:13","guid":{"rendered":"https:\/\/lacentraldelcirc.cat\/politica-de-cookies\/"},"modified":"2023-04-06T13:59:37","modified_gmt":"2023-04-06T11:59:37","slug":"politica-de-cookies","status":"publish","type":"page","link":"https:\/\/lacentraldelcirc.cat\/en\/politica-de-cookies\/","title":{"rendered":"Pol\u00edtica de cookies"},"content":{"rendered":"<p><strong>NOM LEGAL<\/strong>, d&#8217;ara endavant, <strong>LA CENTRAL DEL\u00a0CIRC<\/strong>, utilitza &#8220;<strong>COOKIES<\/strong>&#8221; per a garantir el correcte funcionament del nostre portal web, millorant la seguretat, per a obtenir una efic\u00e0cia i una personalitzaci\u00f3 superiors, per a recollir dades estad\u00edstiques i per a mostrar-li publicitat rellevant.<\/p>\n<p>Marqui en un Check, &#8220;<strong>ACCEPTAR<\/strong>&#8221; per a autoritzar el seu \u00fas, amb un altre\u00a0Check, \u201c<strong>REBUTJAR<\/strong>\u201d per a rebutjar-les i un altre Check \u201c<strong>M\u00c9S INFORMACI\u00d3<\/strong>\u201d per a oferir la informaci\u00f3 de les de totes les cookies. \u00a0En el cas de rebutjar-les, <strong>LA CENTRAL DEL\u00a0CIRC<\/strong>, no pot garantir la plena funcionalitat de la p\u00e0gina. \u00a0Pot obtenir m\u00e9s informaci\u00f3 en la nostra <strong>POL\u00cdTICA DE COOKIES<\/strong> (link) a peu de p\u00e0gina.<\/p>\n<h2>QU\u00c8 S\u00d3N LES COOKIES?<\/h2>\n<p>Les cookies s\u00f3n petits \u00a0arxius de dades que es reben en el terminal des del lloc web visitat i s&#8217;usen per a registrar unes certes interaccions de la navegaci\u00f3 en un lloc web emmagatzemant dades que podran ser actualitzats i recuperats. Aquests arxius s&#8217;emmagatzemen en l&#8217;ordinador de l&#8217;usuari i cont\u00e9 dades an\u00f2nimes que no s\u00f3n perjudicials per al seu equip. S&#8217;utilitzen per a recordar les prefer\u00e8ncies de l&#8217;usuari, com l&#8217;idioma seleccionat, dades d&#8217;acc\u00e9s o personalitzaci\u00f3 de la p\u00e0gina.<\/p>\n<p>Les cookies tamb\u00e9 poden ser utilitzades per a registrar informaci\u00f3 an\u00f2nima sobre com un visitant utilitza un lloc. Per exemple, des de quina p\u00e0gina web ha accedit, o si ha utilitzat un &#8220;b\u00e0ner&#8221; publicitari per a arribar.<\/p>\n<p>&nbsp;<\/p>\n<h2>PER QU\u00c8 UTILITZEM COOKIES?<\/h2>\n<p><strong>LA CENTRAL DEL\u00a0CIRC<\/strong>, utilitza cookies estrictament necess\u00e0ries i essencials perqu\u00e8 utilitzi els nostres llocs web i li permetin moure&#8217;s lliurement, utilitzar \u00e0rees segures, opcions personalitzades, etc. A m\u00e9s, <strong>LA CENTRAL DEL\u00a0CIRC<\/strong>\u00a0, utilitza cookies que recullen dades relatives a l&#8217;an\u00e0lisi d&#8217;\u00fas de la web. Aquestes s&#8217;utilitzen per a ajudar a millorar el servei al client, mesurant l&#8217;\u00fas i el rendiment de la p\u00e0gina, per a optimitzar-la i personalitzar-la.<\/p>\n<p>Els nostres llocs tamb\u00e9 poden tenir enlla\u00e7os de xarxes socials (com Facebook o Twitter). <strong>LA CENTRAL DEL\u00a0CIRC<\/strong>, no controla les cookies utilitzades per aquestes webs externes. Per a m\u00e9s informaci\u00f3 sobre les cookies de les xarxes socials o altres Webs alienes, aconsellem revisar les seves pr\u00f2pies pol\u00edtiques de cookies.<\/p>\n<p>Aquest lloc web utilitza &#8220;cookies&#8221; de la seg\u00fcent manera:<\/p>\n<ul>\n<li><strong>Cookie de Google ANALYTICS<\/strong>: Google ANALYTICS \u00e9s un servei gratu\u00eft que ofereix Google Inc. i que recull informaci\u00f3 sobre les p\u00e0gines de la web consultada, a quina hora, quin navegador Web, etc. Posteriorment, aquesta informaci\u00f3 s&#8217;envia als servidors de Google Inc..<\/li>\n<li><strong>Cookies d&#8217;aplicaci\u00f3<\/strong>, &#8220;Add-*this&#8221;:\u00a0Add-*this\u00a0\u00e9s un servei gratu\u00eft que li permet compartir p\u00e0gines d&#8217;aquest lloc web per diferents mitjans (correu electr\u00f2nic, xarxes socials, etc.).\u00a0Add-*his\u00a0recull informaci\u00f3 estad\u00edstica de la seva navegaci\u00f3 per a proporcionar publicitat adaptada als seus h\u00e0bits de navegaci\u00f3 en aquest lloc web o en qualsevol altre lloc.<\/li>\n<\/ul>\n<p>&nbsp;<\/p>\n<h2>QUIN \u00daS FEM DE LES DIFERENTS COOKIES?<\/h2>\n<p><strong>Segons la seva finalitat:<\/strong><\/p>\n<ul>\n<li><strong>Cookies t\u00e8cniques<\/strong>: Les cookies t\u00e8cniques s\u00f3n aquelles imprescindibles i estrictament necess\u00e0ries per al correcte funcionament d&#8217;un portal web i la utilitzaci\u00f3 de les diferents opcions i serveis que ofereix. Per exemple, les que serveixen per al manteniment de la sessi\u00f3, la gesti\u00f3 del temps de resposta, rendiment o validaci\u00f3 d&#8217;opcions, utilitzar elements de seguretat, compartir contingut amb xarxes socials, etc.<\/li>\n<li><strong>Cookies de personalitzaci\u00f3<\/strong>: Aquestes cookies permeten a l&#8217;usuari especificar o personalitzar algunes caracter\u00edstiques de les opcions generals de la p\u00e0gina web, per exemple, definir l&#8217;idioma, configuraci\u00f3 regional o tipus de navegador.<\/li>\n<li>Cookies anal\u00edtiques: Les cookies anal\u00edtiques s\u00f3n les utilitzades pel nostre portal web, per a elaborar perfils navegaci\u00f3 i poder con\u00e8ixer les prefer\u00e8ncies dels usuaris del mateix amb la finalitat de millorar l&#8217;oferta de productes i serveis. Per exemple, mitjan\u00e7ant una cookie anal\u00edtica es controlarien les \u00e0rees geogr\u00e0fiques de major inter\u00e8s d&#8217;un usuari, quin \u00e9s el producte de m\u00e9s acceptaci\u00f3, etc.<\/li>\n<li><strong>Cookies publicit\u00e0ries\/de publicitat<\/strong>: Les cookies publicit\u00e0ries permeten la gesti\u00f3 dels espais publicitaris sobre la base de criteris concrets. Per exemple, la freq\u00fc\u00e8ncia d&#8217;acc\u00e9s, el contingut editat, etc. Les cookies de publicitat permeten a trav\u00e9s de la gesti\u00f3 de la publicitat emmagatzemar informaci\u00f3 del comportament a trav\u00e9s de l&#8217;observaci\u00f3 d&#8217;h\u00e0bits, estudiant els accessos i formant un perfil de prefer\u00e8ncies de l&#8217;usuari, per a oferir publicitat relacionada amb els interessos del seu perfil.<\/li>\n<\/ul>\n<p><strong>Segons termini:<\/strong><\/p>\n<ul>\n<li><strong>Cookies de sessi\u00f3<\/strong>: Les cookies de sessi\u00f3 s\u00f3n aquelles que duren el temps que l&#8217;usuari est\u00e0 navegant per la p\u00e0gina web i s&#8217;esborren al terme.<\/li>\n<li><strong>Cookies persistents<\/strong>: Aquestes cookies queden emmagatzemades en el terminal de l&#8217;usuari, per un temps m\u00e9s llarg, facilitant aix\u00ed el control de les prefer\u00e8ncies triades sense haver de repetir uns certs par\u00e0metres cada vegada que es visiti el lloc web.<\/li>\n<\/ul>\n<p>Aquestes cookies, han de complir amb el RGPD-UE-2016\/679, la, LOPD-3\/2018, de Garantia dels Drets Digitals i la normativa de la LSSI-CE.<\/p>\n<p>&nbsp;<\/p>\n<h2>COOKIES PROPIES EN \u00daS<\/h2>\n<p><strong>S&#8217;han perm\u00e8s les seg\u00fcents cookies entre altres a l&#8217;hora de visitar aquesta p\u00e0gina web:\u00a0<\/strong><\/p>\n<p>&nbsp;<\/p>\n<table>\n<tbody>\n<tr>\n<td width=\"125\"><strong>DOMINI<\/strong><\/td>\n<td width=\"195\"><strong>COOKIE<\/strong><\/td>\n<td width=\"76\"><strong>EMPRESA<\/strong><\/td>\n<td width=\"98\"><strong>FUNCI\u00d3<\/strong><\/td>\n<td width=\"87\"><strong>CADUCITAT<\/strong><\/td>\n<\/tr>\n<tr>\n<td rowspan=\"3\" width=\"125\"><strong>lacentraldelcirc.cat<\/strong><\/td>\n<td width=\"195\">_ga<\/p>\n<p>&nbsp;<\/td>\n<td width=\"76\">Google<\/td>\n<td width=\"98\">Analytics<\/td>\n<td width=\"87\">2, anys<\/td>\n<\/tr>\n<tr>\n<td width=\"195\">_gat<\/td>\n<td width=\"76\">Google<\/td>\n<td width=\"98\">Analytics<\/td>\n<td width=\"87\">2, anys<\/td>\n<\/tr>\n<tr>\n<td width=\"195\">_gid<\/td>\n<td width=\"76\">Google<\/td>\n<td width=\"98\">Analytics<\/td>\n<td width=\"87\">Sessi\u00f3<\/td>\n<\/tr>\n<\/tbody>\n<\/table>\n<p>&nbsp;<\/p>\n<h2>COOKIES EXTERNES EN \u00daS<\/h2>\n<p><strong>Algunas de las cookies en uso:<\/strong><\/p>\n<table>\n<tbody>\n<tr>\n<td width=\"111\"><strong>\u00a0<\/strong><strong>DOMINI<\/strong><\/td>\n<td width=\"123\"><strong>COOKIE<\/strong><\/td>\n<td width=\"104\"><strong>EMPRESA<\/strong><\/td>\n<td width=\"123\"><strong>FUNCI\u00d3<\/strong><\/td>\n<td width=\"113\"><strong>CADUCITAT<\/strong><\/td>\n<\/tr>\n<tr>\n<td width=\"111\">jquery.com<\/td>\n<td width=\"123\">__utma<\/td>\n<td width=\"104\">jquery<\/td>\n<td width=\"123\">Anal\u00edtica<\/td>\n<td width=\"113\">1, any<\/td>\n<\/tr>\n<\/tbody>\n<\/table>\n<p>&nbsp;<\/p>\n<p>&nbsp;<\/p>\n<h2>PER QU\u00c8 NECESSITEM EL SEU CONSENTIMENT EXPL\u00cdCIT PER UTILITZAR-LES?<\/h2>\n<ul>\n<li><strong>Sent\u00e8ncia de la Gran Sala del Tribunal de Just\u00edcia de la Uni\u00f3 Europea, d&#8217;1 d&#8217;octubre de 2019, i Guia sobre l&#8217;\u00fas de les cookies de l&#8217;AEPD, juliol de 2020.<\/strong><\/li>\n<\/ul>\n<p>La sent\u00e8ncia de la Gran Sala del Tribunal de Just\u00edcia de la Uni\u00f3 Europea, del dia 1 d&#8217;octubre de 2019, ha d&#8217;interpretar-se en el sentit que el consentiment no es presta de manera v\u00e0lida quan l&#8217;emmagatzematge d&#8217;informaci\u00f3, o l&#8217;acc\u00e9s a la informaci\u00f3 ja emmagatzemada en l&#8217;equip terminal de l&#8217;usuari d&#8217;un lloc web d&#8217;internet, a trav\u00e9s de cookies s&#8217;autoritza mitjan\u00e7ant una casella marcada per defecte de la qual l&#8217;usuari ha de retirar la marca en cas que vulgui rebutjar el seu \u00fas. En aquest sentit, l&#8217;autoritzaci\u00f3 ha de basar-se en un consentiment expl\u00edcit mitjan\u00e7ant un Check de,\u00a0 <strong><u>acceptaci\u00f3<\/u><\/strong>, expl\u00edcita, un check de, <strong><u>rebuig<\/u><\/strong>, per part de l&#8217;usuari i un check de,\u00a0 <strong><u>m\u00e9s informaci\u00f3<\/u><\/strong>, de les cookies exposades.<\/p>\n<p>Aquesta interpretaci\u00f3 no pot variar en funci\u00f3 de si la informaci\u00f3 emmagatzemada o consultada en el terminal de l&#8217;usuari d&#8217;un lloc d&#8217;internet consti o no de dades de car\u00e0cter personal.<\/p>\n<p>La Gran Sala del Tribunal de Just\u00edcia de la Uni\u00f3 Europea tamb\u00e9 disposa en aquesta sent\u00e8ncia que la informaci\u00f3 que el prove\u00efdor de serveis ha de facilitar a l&#8217;usuari d&#8217;un lloc web d&#8217;internet ha d&#8217;incloure el temps en qu\u00e8 els cookies romandran actives i la possibilitat que tercers puguin accedir a la informaci\u00f3 que aquestes emmagatzemen. Aquest requisit l&#8217;estableix la versi\u00f3 modificada per la Directiva 2009\/136, que modifica l&#8217;article 5, apartat 3, de la Directiva 2002\/58\/UE, i per la Guia de l&#8217;AEPD de juliol de 2020<\/p>\n<p>En relaci\u00f3 a la possibilitat que l&#8217;usuari pugui rebutjar l&#8217;\u00fas de les cookies, cal tenir en compte que si rebutja o esborra les cookies de navegaci\u00f3 per la Web, no podrem mantenir les seves prefer\u00e8ncies, algunes caracter\u00edstiques dels p\u00e0gines no estaran operatives, no podrem oferir-li serveis personalitzats i cada vegada que vagi a navegar per la nostra web haurem de sol\u00b7licitar-li de nou la seva autoritzaci\u00f3 per a l&#8217;\u00fas de cookies.<\/p>\n<p>Si aix\u00ed i tot, decideix modificar la configuraci\u00f3 del seu acc\u00e9s a la p\u00e0gina web, ha de saber que \u00e9s possible eliminar les cookies o impedir que es registri aquesta informaci\u00f3 en el seu equip en qualsevol moment mitjan\u00e7ant la modificaci\u00f3 dels par\u00e0metres de configuraci\u00f3 del seu navegador:<\/p>\n<ul>\n<li><a href=\"https:\/\/support.microsoft.com\/es-es\/help\/17442\/windows-internet-explorer-delete-manage-cookies\">Configuraci\u00f3 de cookies d&#8217;Internet Explorer.<\/a><\/li>\n<li><a href=\"https:\/\/support.mozilla.org\/es\/kb\/habilitar-y-deshabilitar-cookies-sitios-web-rastrear-preferencias\">Configuraci\u00f3 de cookies de Firefox.<\/a><\/li>\n<li><a href=\"https:\/\/support.google.com\/chrome\/answer\/95647?co=GENIE.Platform%3DDesktop&amp;hl=es-419\">Configuraci\u00f3 de cookies de Google Chrome.<\/a><\/li>\n<li><a href=\"https:\/\/support.apple.com\/es-es\/guide\/safari\/sfri11471\/mac\">Configuraci\u00f3 de cookies de Safari.<\/a><\/li>\n<\/ul>\n<p>Aquests navegadors estan sotmesos a canvis o modificacions, per la qual cosa no podem garantir que s&#8217;ajustin completament a la versi\u00f3 del seu navegador. Tamb\u00e9 pot ser que utilitzi un altre navegador no contemplat en aquests enlla\u00e7os com\u00a0Konqueror,\u00a0Arora,\u00a0Flock, etc. Per a evitar aquests desajustaments, pot accedir directament des de les opcions del seu navegador que es troba generalment en el men\u00fa d&#8217;Opcions, en la secci\u00f3 de &#8220;Privacitat&#8221;. (Si us plau, consulti l&#8217;ajuda del seu navegador per a m\u00e9s informaci\u00f3.)<\/p>\n<p>&nbsp;<\/p>\n<h2>ON PUC OBTENIR M\u00c9S INFORMACI\u00d3?<\/h2>\n<p>Pots trobar m\u00e9s informaci\u00f3 sobre cookies a:<\/p>\n<p>www.allaboutcookies.org o www.youronlinechoices.eu.<\/p>\n","protected":false},"excerpt":{"rendered":"<p>NOM LEGAL, d&#8217;ara endavant, LA CENTRAL DEL\u00a0CIRC, utilitza &#8220;COOKIES&#8221; per a garantir el correcte funcionament del nostre portal web, millorant la seguretat, per a obtenir una efic\u00e0cia i una personalitzaci\u00f3 superiors, per a recollir dades estad\u00edstiques i per a mostrar-li publicitat rellevant. Marqui en un Check, &#8220;ACCEPTAR&#8221; per a autoritzar el seu \u00fas, amb un [&hellip;]<\/p>\n","protected":false},"author":1,"featured_media":0,"parent":0,"menu_order":0,"comment_status":"closed","ping_status":"closed","template":"page-legal.php","meta":{"_acf_changed":false,"inline_featured_image":false,"footnotes":""},"class_list":["post-4176","page","type-page","status-publish","hentry"],"acf":[],"yoast_head":"<!-- This site is optimized with the Yoast SEO plugin v27.2 - https:\/\/yoast.com\/product\/yoast-seo-wordpress\/ -->\n<title>Pol\u00edtica de cookies - La Central del Circ<\/title>\n<meta name=\"robots\" content=\"index, follow, max-snippet:-1, max-image-preview:large, max-video-preview:-1\" \/>\n<link rel=\"canonical\" href=\"https:\/\/lacentraldelcirc.cat\/en\/politica-de-cookies\/\" \/>\n<meta property=\"og:locale\" content=\"en_US\" \/>\n<meta property=\"og:type\" content=\"article\" \/>\n<meta property=\"og:title\" content=\"Pol\u00edtica de cookies - La Central del Circ\" \/>\n<meta property=\"og:description\" content=\"NOM LEGAL, d&#8217;ara endavant, LA CENTRAL DEL\u00a0CIRC, utilitza &#8220;COOKIES&#8221; per a garantir el correcte funcionament del nostre portal web, millorant la seguretat, per a obtenir una efic\u00e0cia i una personalitzaci\u00f3 superiors, per a recollir dades estad\u00edstiques i per a mostrar-li publicitat rellevant. Marqui en un Check, &#8220;ACCEPTAR&#8221; per a autoritzar el seu \u00fas, amb un [&hellip;]\" \/>\n<meta property=\"og:url\" content=\"https:\/\/lacentraldelcirc.cat\/en\/politica-de-cookies\/\" \/>\n<meta property=\"og:site_name\" content=\"La Central del Circ\" \/>\n<meta property=\"article:modified_time\" content=\"2023-04-06T11:59:37+00:00\" \/>\n<meta name=\"twitter:card\" content=\"summary_large_image\" \/>\n<meta name=\"twitter:label1\" content=\"Est. reading time\" \/>\n\t<meta name=\"twitter:data1\" content=\"7 minutes\" \/>\n<script type=\"application\/ld+json\" class=\"yoast-schema-graph\">{\"@context\":\"https:\/\/schema.org\",\"@graph\":[{\"@type\":\"WebPage\",\"@id\":\"https:\/\/lacentraldelcirc.cat\/en\/politica-de-cookies\/\",\"url\":\"https:\/\/lacentraldelcirc.cat\/en\/politica-de-cookies\/\",\"name\":\"Pol\u00edtica de cookies - La Central del Circ\",\"isPartOf\":{\"@id\":\"https:\/\/lacentraldelcirc.cat\/#website\"},\"datePublished\":\"2023-01-23T12:19:13+00:00\",\"dateModified\":\"2023-04-06T11:59:37+00:00\",\"inLanguage\":\"en-US\",\"potentialAction\":[{\"@type\":\"ReadAction\",\"target\":[\"https:\/\/lacentraldelcirc.cat\/en\/politica-de-cookies\/\"]}]},{\"@type\":\"WebSite\",\"@id\":\"https:\/\/lacentraldelcirc.cat\/#website\",\"url\":\"https:\/\/lacentraldelcirc.cat\/\",\"name\":\"La Central del Circ\",\"description\":\"\",\"potentialAction\":[{\"@type\":\"SearchAction\",\"target\":{\"@type\":\"EntryPoint\",\"urlTemplate\":\"https:\/\/lacentraldelcirc.cat\/?s={search_term_string}\"},\"query-input\":{\"@type\":\"PropertyValueSpecification\",\"valueRequired\":true,\"valueName\":\"search_term_string\"}}],\"inLanguage\":\"en-US\"}]}<\/script>\n<!-- \/ Yoast SEO plugin. -->","yoast_head_json":{"title":"Pol\u00edtica de cookies - La Central del Circ","robots":{"index":"index","follow":"follow","max-snippet":"max-snippet:-1","max-image-preview":"max-image-preview:large","max-video-preview":"max-video-preview:-1"},"canonical":"https:\/\/lacentraldelcirc.cat\/en\/politica-de-cookies\/","og_locale":"en_US","og_type":"article","og_title":"Pol\u00edtica de cookies - La Central del Circ","og_description":"NOM LEGAL, d&#8217;ara endavant, LA CENTRAL DEL\u00a0CIRC, utilitza &#8220;COOKIES&#8221; per a garantir el correcte funcionament del nostre portal web, millorant la seguretat, per a obtenir una efic\u00e0cia i una personalitzaci\u00f3 superiors, per a recollir dades estad\u00edstiques i per a mostrar-li publicitat rellevant. Marqui en un Check, &#8220;ACCEPTAR&#8221; per a autoritzar el seu \u00fas, amb un [&hellip;]","og_url":"https:\/\/lacentraldelcirc.cat\/en\/politica-de-cookies\/","og_site_name":"La Central del Circ","article_modified_time":"2023-04-06T11:59:37+00:00","twitter_card":"summary_large_image","twitter_misc":{"Est. reading time":"7 minutes"},"schema":{"@context":"https:\/\/schema.org","@graph":[{"@type":"WebPage","@id":"https:\/\/lacentraldelcirc.cat\/en\/politica-de-cookies\/","url":"https:\/\/lacentraldelcirc.cat\/en\/politica-de-cookies\/","name":"Pol\u00edtica de cookies - La Central del Circ","isPartOf":{"@id":"https:\/\/lacentraldelcirc.cat\/#website"},"datePublished":"2023-01-23T12:19:13+00:00","dateModified":"2023-04-06T11:59:37+00:00","inLanguage":"en-US","potentialAction":[{"@type":"ReadAction","target":["https:\/\/lacentraldelcirc.cat\/en\/politica-de-cookies\/"]}]},{"@type":"WebSite","@id":"https:\/\/lacentraldelcirc.cat\/#website","url":"https:\/\/lacentraldelcirc.cat\/","name":"La Central del Circ","description":"","potentialAction":[{"@type":"SearchAction","target":{"@type":"EntryPoint","urlTemplate":"https:\/\/lacentraldelcirc.cat\/?s={search_term_string}"},"query-input":{"@type":"PropertyValueSpecification","valueRequired":true,"valueName":"search_term_string"}}],"inLanguage":"en-US"}]}},"_links":{"self":[{"href":"https:\/\/lacentraldelcirc.cat\/en\/wp-json\/wp\/v2\/pages\/4176","targetHints":{"allow":["GET"]}}],"collection":[{"href":"https:\/\/lacentraldelcirc.cat\/en\/wp-json\/wp\/v2\/pages"}],"about":[{"href":"https:\/\/lacentraldelcirc.cat\/en\/wp-json\/wp\/v2\/types\/page"}],"author":[{"embeddable":true,"href":"https:\/\/lacentraldelcirc.cat\/en\/wp-json\/wp\/v2\/users\/1"}],"replies":[{"embeddable":true,"href":"https:\/\/lacentraldelcirc.cat\/en\/wp-json\/wp\/v2\/comments?post=4176"}],"version-history":[{"count":1,"href":"https:\/\/lacentraldelcirc.cat\/en\/wp-json\/wp\/v2\/pages\/4176\/revisions"}],"predecessor-version":[{"id":5469,"href":"https:\/\/lacentraldelcirc.cat\/en\/wp-json\/wp\/v2\/pages\/4176\/revisions\/5469"}],"wp:attachment":[{"href":"https:\/\/lacentraldelcirc.cat\/en\/wp-json\/wp\/v2\/media?parent=4176"}],"curies":[{"name":"wp","href":"https:\/\/api.w.org\/{rel}","templated":true}]}}